{"id":144,"date":"2024-09-18T07:16:40","date_gmt":"2024-09-18T07:16:40","guid":{"rendered":"https:\/\/onlinevouchersaver.com\/?page_id=144"},"modified":"2025-11-06T09:21:09","modified_gmt":"2025-11-06T09:21:09","slug":"blogs","status":"publish","type":"page","link":"https:\/\/onlinevouchersaver.com\/ro\/blogs\/","title":{"rendered":"Bloguri"},"content":{"rendered":"","protected":false},"excerpt":{"rendered":"","protected":false},"author":1,"featured_media":0,"parent":0,"menu_order":0,"comment_status":"closed","ping_status":"closed","template":"templates\/blogs.php","meta":{"_acf_changed":false,"footnotes":""},"class_list":["post-144","page","type-page","status-publish","hentry"],"acf":[],"yoast_head":"<!-- This site is optimized with the Yoast SEO plugin v27.4 - https:\/\/yoast.com\/product\/yoast-seo-wordpress\/ -->\n<title>Bloguri | Sfaturi de economisire \u0219i ghiduri de cupoane<\/title>\n<meta name=\"description\" content=\"Cite\u0219te cele mai recente sfaturi de economisire, ghiduri cu cupoane \u0219i actualiz\u0103ri despre oferte pe blogul OnlineVoucherSaver. Afl\u0103 cum s\u0103 cumperi mai inteligent \u0219i s\u0103 economise\u0219ti mai mult \u00een fiecare zi.\" \/>\n<meta name=\"robots\" content=\"index, follow, max-snippet:-1, max-image-preview:large, max-video-preview:-1\" \/>\n<link rel=\"canonical\" href=\"https:\/\/onlinevouchersaver.com\/ro\/blogs\/\" \/>\n<meta property=\"og:locale\" content=\"en_US\" \/>\n<meta property=\"og:type\" content=\"article\" \/>\n<meta property=\"og:title\" content=\"Bloguri | Sfaturi de economisire \u0219i ghiduri de cupoane\" \/>\n<meta property=\"og:description\" content=\"Cite\u0219te cele mai recente sfaturi de economisire, ghiduri cu cupoane \u0219i actualiz\u0103ri despre oferte pe blogul OnlineVoucherSaver. Afl\u0103 cum s\u0103 cumperi mai inteligent \u0219i s\u0103 economise\u0219ti mai mult \u00een fiecare zi.\" \/>\n<meta property=\"og:url\" content=\"https:\/\/onlinevouchersaver.com\/ro\/blogs\/\" \/>\n<meta property=\"og:site_name\" content=\"Online Voucher Saver RO\" \/>\n<meta property=\"article:modified_time\" content=\"2025-11-06T09:21:09+00:00\" \/>\n<meta name=\"twitter:card\" content=\"summary_large_image\" \/>\n<script type=\"application\/ld+json\" class=\"yoast-schema-graph\">{\"@context\":\"https:\\\/\\\/schema.org\",\"@graph\":[{\"@type\":\"WebPage\",\"@id\":\"https:\\\/\\\/onlinevouchersaver.com\\\/ro\\\/blogs\\\/\",\"url\":\"https:\\\/\\\/onlinevouchersaver.com\\\/ro\\\/blogs\\\/\",\"name\":\"Bloguri | Sfaturi de economisire \u0219i ghiduri de cupoane\",\"isPartOf\":{\"@id\":\"https:\\\/\\\/onlinevouchersaver.com\\\/ro\\\/#website\"},\"datePublished\":\"2024-09-18T07:16:40+00:00\",\"dateModified\":\"2025-11-06T09:21:09+00:00\",\"description\":\"Cite\u0219te cele mai recente sfaturi de economisire, ghiduri cu cupoane \u0219i actualiz\u0103ri despre oferte pe blogul OnlineVoucherSaver. Afl\u0103 cum s\u0103 cumperi mai inteligent \u0219i s\u0103 economise\u0219ti mai mult \u00een fiecare zi.\",\"breadcrumb\":{\"@id\":\"https:\\\/\\\/onlinevouchersaver.com\\\/ro\\\/blogs\\\/#breadcrumb\"},\"inLanguage\":\"en-US\",\"potentialAction\":[{\"@type\":\"ReadAction\",\"target\":[\"https:\\\/\\\/onlinevouchersaver.com\\\/ro\\\/blogs\\\/\"]}]},{\"@type\":\"BreadcrumbList\",\"@id\":\"https:\\\/\\\/onlinevouchersaver.com\\\/ro\\\/blogs\\\/#breadcrumb\",\"itemListElement\":[{\"@type\":\"ListItem\",\"position\":1,\"name\":\"Home\",\"item\":\"https:\\\/\\\/onlinevouchersaver.com\\\/ro\\\/\"},{\"@type\":\"ListItem\",\"position\":2,\"name\":\"Bloguri\"}]},{\"@type\":\"WebSite\",\"@id\":\"https:\\\/\\\/onlinevouchersaver.com\\\/ro\\\/#website\",\"url\":\"https:\\\/\\\/onlinevouchersaver.com\\\/ro\\\/\",\"name\":\"Online Voucher Saver RO\",\"description\":\"\",\"potentialAction\":[{\"@type\":\"SearchAction\",\"target\":{\"@type\":\"EntryPoint\",\"urlTemplate\":\"https:\\\/\\\/onlinevouchersaver.com\\\/ro\\\/?s={search_term_string}\"},\"query-input\":{\"@type\":\"PropertyValueSpecification\",\"valueRequired\":true,\"valueName\":\"search_term_string\"}}],\"inLanguage\":\"en-US\"}]}<\/script>\n<!-- \/ Yoast SEO plugin. -->","yoast_head_json":{"title":"Bloguri | Sfaturi de economisire \u0219i ghiduri de cupoane","description":"Cite\u0219te cele mai recente sfaturi de economisire, ghiduri cu cupoane \u0219i actualiz\u0103ri despre oferte pe blogul OnlineVoucherSaver. Afl\u0103 cum s\u0103 cumperi mai inteligent \u0219i s\u0103 economise\u0219ti mai mult \u00een fiecare zi.","robots":{"index":"index","follow":"follow","max-snippet":"max-snippet:-1","max-image-preview":"max-image-preview:large","max-video-preview":"max-video-preview:-1"},"canonical":"https:\/\/onlinevouchersaver.com\/ro\/blogs\/","og_locale":"en_US","og_type":"article","og_title":"Bloguri | Sfaturi de economisire \u0219i ghiduri de cupoane","og_description":"Cite\u0219te cele mai recente sfaturi de economisire, ghiduri cu cupoane \u0219i actualiz\u0103ri despre oferte pe blogul OnlineVoucherSaver. Afl\u0103 cum s\u0103 cumperi mai inteligent \u0219i s\u0103 economise\u0219ti mai mult \u00een fiecare zi.","og_url":"https:\/\/onlinevouchersaver.com\/ro\/blogs\/","og_site_name":"Online Voucher Saver RO","article_modified_time":"2025-11-06T09:21:09+00:00","twitter_card":"summary_large_image","schema":{"@context":"https:\/\/schema.org","@graph":[{"@type":"WebPage","@id":"https:\/\/onlinevouchersaver.com\/ro\/blogs\/","url":"https:\/\/onlinevouchersaver.com\/ro\/blogs\/","name":"Bloguri | Sfaturi de economisire \u0219i ghiduri de cupoane","isPartOf":{"@id":"https:\/\/onlinevouchersaver.com\/ro\/#website"},"datePublished":"2024-09-18T07:16:40+00:00","dateModified":"2025-11-06T09:21:09+00:00","description":"Cite\u0219te cele mai recente sfaturi de economisire, ghiduri cu cupoane \u0219i actualiz\u0103ri despre oferte pe blogul OnlineVoucherSaver. Afl\u0103 cum s\u0103 cumperi mai inteligent \u0219i s\u0103 economise\u0219ti mai mult \u00een fiecare zi.","breadcrumb":{"@id":"https:\/\/onlinevouchersaver.com\/ro\/blogs\/#breadcrumb"},"inLanguage":"en-US","potentialAction":[{"@type":"ReadAction","target":["https:\/\/onlinevouchersaver.com\/ro\/blogs\/"]}]},{"@type":"BreadcrumbList","@id":"https:\/\/onlinevouchersaver.com\/ro\/blogs\/#breadcrumb","itemListElement":[{"@type":"ListItem","position":1,"name":"Home","item":"https:\/\/onlinevouchersaver.com\/ro\/"},{"@type":"ListItem","position":2,"name":"Bloguri"}]},{"@type":"WebSite","@id":"https:\/\/onlinevouchersaver.com\/ro\/#website","url":"https:\/\/onlinevouchersaver.com\/ro\/","name":"Online Voucher Saver RO","description":"","potentialAction":[{"@type":"SearchAction","target":{"@type":"EntryPoint","urlTemplate":"https:\/\/onlinevouchersaver.com\/ro\/?s={search_term_string}"},"query-input":{"@type":"PropertyValueSpecification","valueRequired":true,"valueName":"search_term_string"}}],"inLanguage":"en-US"}]}},"_links":{"self":[{"href":"https:\/\/onlinevouchersaver.com\/ro\/wp-json\/wp\/v2\/pages\/144","targetHints":{"allow":["GET"]}}],"collection":[{"href":"https:\/\/onlinevouchersaver.com\/ro\/wp-json\/wp\/v2\/pages"}],"about":[{"href":"https:\/\/onlinevouchersaver.com\/ro\/wp-json\/wp\/v2\/types\/page"}],"author":[{"embeddable":true,"href":"https:\/\/onlinevouchersaver.com\/ro\/wp-json\/wp\/v2\/users\/1"}],"replies":[{"embeddable":true,"href":"https:\/\/onlinevouchersaver.com\/ro\/wp-json\/wp\/v2\/comments?post=144"}],"version-history":[{"count":2,"href":"https:\/\/onlinevouchersaver.com\/ro\/wp-json\/wp\/v2\/pages\/144\/revisions"}],"predecessor-version":[{"id":217,"href":"https:\/\/onlinevouchersaver.com\/ro\/wp-json\/wp\/v2\/pages\/144\/revisions\/217"}],"wp:attachment":[{"href":"https:\/\/onlinevouchersaver.com\/ro\/wp-json\/wp\/v2\/media?parent=144"}],"curies":[{"name":"wp","href":"https:\/\/api.w.org\/{rel}","templated":true}]}}