{"id":132,"date":"2024-09-16T08:36:15","date_gmt":"2024-09-16T08:36:15","guid":{"rendered":"https:\/\/onlinevouchersaver.com\/?page_id=132"},"modified":"2025-11-06T09:26:02","modified_gmt":"2025-11-06T09:26:02","slug":"categories","status":"publish","type":"page","link":"https:\/\/onlinevouchersaver.com\/pt\/categories\/","title":{"rendered":"Categorias"},"content":{"rendered":"","protected":false},"excerpt":{"rendered":"","protected":false},"author":1,"featured_media":0,"parent":0,"menu_order":0,"comment_status":"closed","ping_status":"closed","template":"all-categories-template.php","meta":{"_acf_changed":false,"footnotes":""},"class_list":["post-132","page","type-page","status-publish","hentry"],"acf":[],"yoast_head":"<!-- This site is optimized with the Yoast SEO plugin v27.4 - https:\/\/yoast.com\/product\/yoast-seo-wordpress\/ -->\n<title>Todas as categorias de cup\u00f5es | OnlineVoucherSaver-PT<\/title>\n<meta name=\"description\" content=\"Navegue por todas as categorias de cup\u00f5es e ofertas no OnlineVoucherSaver-PT. Encontre descontos em moda, eletr\u00f3nica, viagens, alimenta\u00e7\u00e3o e muito mais, tudo num s\u00f3 lugar.\" \/>\n<meta name=\"robots\" content=\"index, follow, max-snippet:-1, max-image-preview:large, max-video-preview:-1\" \/>\n<link rel=\"canonical\" href=\"https:\/\/onlinevouchersaver.com\/pt\/categories\/\" \/>\n<meta property=\"og:locale\" content=\"en_US\" \/>\n<meta property=\"og:type\" content=\"article\" \/>\n<meta property=\"og:title\" content=\"Todas as categorias de cup\u00f5es | OnlineVoucherSaver-PT\" \/>\n<meta property=\"og:description\" content=\"Navegue por todas as categorias de cup\u00f5es e ofertas no OnlineVoucherSaver-PT. Encontre descontos em moda, eletr\u00f3nica, viagens, alimenta\u00e7\u00e3o e muito mais, tudo num s\u00f3 lugar.\" \/>\n<meta property=\"og:url\" content=\"https:\/\/onlinevouchersaver.com\/pt\/categories\/\" \/>\n<meta property=\"og:site_name\" content=\"Online Voucher Saver PT\" \/>\n<meta property=\"article:modified_time\" content=\"2025-11-06T09:26:02+00:00\" \/>\n<meta name=\"twitter:card\" content=\"summary_large_image\" \/>\n<script type=\"application\/ld+json\" class=\"yoast-schema-graph\">{\"@context\":\"https:\\\/\\\/schema.org\",\"@graph\":[{\"@type\":\"WebPage\",\"@id\":\"https:\\\/\\\/onlinevouchersaver.com\\\/pt\\\/categories\\\/\",\"url\":\"https:\\\/\\\/onlinevouchersaver.com\\\/pt\\\/categories\\\/\",\"name\":\"Todas as categorias de cup\u00f5es | OnlineVoucherSaver-PT\",\"isPartOf\":{\"@id\":\"https:\\\/\\\/onlinevouchersaver.com\\\/pt\\\/#website\"},\"datePublished\":\"2024-09-16T08:36:15+00:00\",\"dateModified\":\"2025-11-06T09:26:02+00:00\",\"description\":\"Navegue por todas as categorias de cup\u00f5es e ofertas no OnlineVoucherSaver-PT. Encontre descontos em moda, eletr\u00f3nica, viagens, alimenta\u00e7\u00e3o e muito mais, tudo num s\u00f3 lugar.\",\"breadcrumb\":{\"@id\":\"https:\\\/\\\/onlinevouchersaver.com\\\/pt\\\/categories\\\/#breadcrumb\"},\"inLanguage\":\"en-US\",\"potentialAction\":[{\"@type\":\"ReadAction\",\"target\":[\"https:\\\/\\\/onlinevouchersaver.com\\\/pt\\\/categories\\\/\"]}]},{\"@type\":\"BreadcrumbList\",\"@id\":\"https:\\\/\\\/onlinevouchersaver.com\\\/pt\\\/categories\\\/#breadcrumb\",\"itemListElement\":[{\"@type\":\"ListItem\",\"position\":1,\"name\":\"Home\",\"item\":\"https:\\\/\\\/onlinevouchersaver.com\\\/pt\\\/\"},{\"@type\":\"ListItem\",\"position\":2,\"name\":\"Categorias\"}]},{\"@type\":\"WebSite\",\"@id\":\"https:\\\/\\\/onlinevouchersaver.com\\\/pt\\\/#website\",\"url\":\"https:\\\/\\\/onlinevouchersaver.com\\\/pt\\\/\",\"name\":\"Online Voucher Saver PT\",\"description\":\"\",\"potentialAction\":[{\"@type\":\"SearchAction\",\"target\":{\"@type\":\"EntryPoint\",\"urlTemplate\":\"https:\\\/\\\/onlinevouchersaver.com\\\/pt\\\/?s={search_term_string}\"},\"query-input\":{\"@type\":\"PropertyValueSpecification\",\"valueRequired\":true,\"valueName\":\"search_term_string\"}}],\"inLanguage\":\"en-US\"}]}<\/script>\n<!-- \/ Yoast SEO plugin. -->","yoast_head_json":{"title":"Todas as categorias de cup\u00f5es | OnlineVoucherSaver-PT","description":"Navegue por todas as categorias de cup\u00f5es e ofertas no OnlineVoucherSaver-PT. Encontre descontos em moda, eletr\u00f3nica, viagens, alimenta\u00e7\u00e3o e muito mais, tudo num s\u00f3 lugar.","robots":{"index":"index","follow":"follow","max-snippet":"max-snippet:-1","max-image-preview":"max-image-preview:large","max-video-preview":"max-video-preview:-1"},"canonical":"https:\/\/onlinevouchersaver.com\/pt\/categories\/","og_locale":"en_US","og_type":"article","og_title":"Todas as categorias de cup\u00f5es | OnlineVoucherSaver-PT","og_description":"Navegue por todas as categorias de cup\u00f5es e ofertas no OnlineVoucherSaver-PT. Encontre descontos em moda, eletr\u00f3nica, viagens, alimenta\u00e7\u00e3o e muito mais, tudo num s\u00f3 lugar.","og_url":"https:\/\/onlinevouchersaver.com\/pt\/categories\/","og_site_name":"Online Voucher Saver PT","article_modified_time":"2025-11-06T09:26:02+00:00","twitter_card":"summary_large_image","schema":{"@context":"https:\/\/schema.org","@graph":[{"@type":"WebPage","@id":"https:\/\/onlinevouchersaver.com\/pt\/categories\/","url":"https:\/\/onlinevouchersaver.com\/pt\/categories\/","name":"Todas as categorias de cup\u00f5es | OnlineVoucherSaver-PT","isPartOf":{"@id":"https:\/\/onlinevouchersaver.com\/pt\/#website"},"datePublished":"2024-09-16T08:36:15+00:00","dateModified":"2025-11-06T09:26:02+00:00","description":"Navegue por todas as categorias de cup\u00f5es e ofertas no OnlineVoucherSaver-PT. Encontre descontos em moda, eletr\u00f3nica, viagens, alimenta\u00e7\u00e3o e muito mais, tudo num s\u00f3 lugar.","breadcrumb":{"@id":"https:\/\/onlinevouchersaver.com\/pt\/categories\/#breadcrumb"},"inLanguage":"en-US","potentialAction":[{"@type":"ReadAction","target":["https:\/\/onlinevouchersaver.com\/pt\/categories\/"]}]},{"@type":"BreadcrumbList","@id":"https:\/\/onlinevouchersaver.com\/pt\/categories\/#breadcrumb","itemListElement":[{"@type":"ListItem","position":1,"name":"Home","item":"https:\/\/onlinevouchersaver.com\/pt\/"},{"@type":"ListItem","position":2,"name":"Categorias"}]},{"@type":"WebSite","@id":"https:\/\/onlinevouchersaver.com\/pt\/#website","url":"https:\/\/onlinevouchersaver.com\/pt\/","name":"Online Voucher Saver PT","description":"","potentialAction":[{"@type":"SearchAction","target":{"@type":"EntryPoint","urlTemplate":"https:\/\/onlinevouchersaver.com\/pt\/?s={search_term_string}"},"query-input":{"@type":"PropertyValueSpecification","valueRequired":true,"valueName":"search_term_string"}}],"inLanguage":"en-US"}]}},"_links":{"self":[{"href":"https:\/\/onlinevouchersaver.com\/pt\/wp-json\/wp\/v2\/pages\/132","targetHints":{"allow":["GET"]}}],"collection":[{"href":"https:\/\/onlinevouchersaver.com\/pt\/wp-json\/wp\/v2\/pages"}],"about":[{"href":"https:\/\/onlinevouchersaver.com\/pt\/wp-json\/wp\/v2\/types\/page"}],"author":[{"embeddable":true,"href":"https:\/\/onlinevouchersaver.com\/pt\/wp-json\/wp\/v2\/users\/1"}],"replies":[{"embeddable":true,"href":"https:\/\/onlinevouchersaver.com\/pt\/wp-json\/wp\/v2\/comments?post=132"}],"version-history":[{"count":1,"href":"https:\/\/onlinevouchersaver.com\/pt\/wp-json\/wp\/v2\/pages\/132\/revisions"}],"predecessor-version":[{"id":227,"href":"https:\/\/onlinevouchersaver.com\/pt\/wp-json\/wp\/v2\/pages\/132\/revisions\/227"}],"wp:attachment":[{"href":"https:\/\/onlinevouchersaver.com\/pt\/wp-json\/wp\/v2\/media?parent=132"}],"curies":[{"name":"wp","href":"https:\/\/api.w.org\/{rel}","templated":true}]}}