{"id":135,"date":"2024-09-16T08:55:54","date_gmt":"2024-09-16T08:55:54","guid":{"rendered":"https:\/\/onlinevouchersaver.com\/?page_id=135"},"modified":"2025-11-06T09:43:30","modified_gmt":"2025-11-06T09:43:30","slug":"seasonal-deals","status":"publish","type":"page","link":"https:\/\/onlinevouchersaver.com\/pl\/seasonal-deals\/","title":{"rendered":"Oferty sezonowe"},"content":{"rendered":"","protected":false},"excerpt":{"rendered":"","protected":false},"author":1,"featured_media":0,"parent":0,"menu_order":0,"comment_status":"closed","ping_status":"closed","template":"all-seasonal-deals-template.php","meta":{"_acf_changed":false,"footnotes":""},"class_list":["post-135","page","type-page","status-publish","hentry"],"acf":[],"yoast_head":"<!-- This site is optimized with the Yoast SEO plugin v27.4 - https:\/\/yoast.com\/product\/yoast-seo-wordpress\/ -->\n<title>Oferty sezonowe i promocje | OnlineVoucherSaver-PL<\/title>\n<meta name=\"description\" content=\"Odkryj najlepsze sezonowe oferty, wyprzeda\u017ce i oferty limitowane czasowo od najlepszych marek. Oszcz\u0119dzaj wi\u0119cej w ka\u017cdym sezonie z OnlineVoucherSaver-PL\" \/>\n<meta name=\"robots\" content=\"index, follow, max-snippet:-1, max-image-preview:large, max-video-preview:-1\" \/>\n<link rel=\"canonical\" href=\"https:\/\/onlinevouchersaver.com\/pl\/seasonal-deals\/\" \/>\n<meta property=\"og:locale\" content=\"en_US\" \/>\n<meta property=\"og:type\" content=\"article\" \/>\n<meta property=\"og:title\" content=\"Oferty sezonowe i promocje | OnlineVoucherSaver-PL\" \/>\n<meta property=\"og:description\" content=\"Odkryj najlepsze sezonowe oferty, wyprzeda\u017ce i oferty limitowane czasowo od najlepszych marek. Oszcz\u0119dzaj wi\u0119cej w ka\u017cdym sezonie z OnlineVoucherSaver-PL\" \/>\n<meta property=\"og:url\" content=\"https:\/\/onlinevouchersaver.com\/pl\/seasonal-deals\/\" \/>\n<meta property=\"og:site_name\" content=\"Online Voucher Saver PL\" \/>\n<meta property=\"article:modified_time\" content=\"2025-11-06T09:43:30+00:00\" \/>\n<meta name=\"twitter:card\" content=\"summary_large_image\" \/>\n<script type=\"application\/ld+json\" class=\"yoast-schema-graph\">{\"@context\":\"https:\\\/\\\/schema.org\",\"@graph\":[{\"@type\":\"WebPage\",\"@id\":\"https:\\\/\\\/onlinevouchersaver.com\\\/pl\\\/seasonal-deals\\\/\",\"url\":\"https:\\\/\\\/onlinevouchersaver.com\\\/pl\\\/seasonal-deals\\\/\",\"name\":\"Oferty sezonowe i promocje | OnlineVoucherSaver-PL\",\"isPartOf\":{\"@id\":\"https:\\\/\\\/onlinevouchersaver.com\\\/pl\\\/#website\"},\"datePublished\":\"2024-09-16T08:55:54+00:00\",\"dateModified\":\"2025-11-06T09:43:30+00:00\",\"description\":\"Odkryj najlepsze sezonowe oferty, wyprzeda\u017ce i oferty limitowane czasowo od najlepszych marek. Oszcz\u0119dzaj wi\u0119cej w ka\u017cdym sezonie z OnlineVoucherSaver-PL\",\"breadcrumb\":{\"@id\":\"https:\\\/\\\/onlinevouchersaver.com\\\/pl\\\/seasonal-deals\\\/#breadcrumb\"},\"inLanguage\":\"en-US\",\"potentialAction\":[{\"@type\":\"ReadAction\",\"target\":[\"https:\\\/\\\/onlinevouchersaver.com\\\/pl\\\/seasonal-deals\\\/\"]}]},{\"@type\":\"BreadcrumbList\",\"@id\":\"https:\\\/\\\/onlinevouchersaver.com\\\/pl\\\/seasonal-deals\\\/#breadcrumb\",\"itemListElement\":[{\"@type\":\"ListItem\",\"position\":1,\"name\":\"Home\",\"item\":\"https:\\\/\\\/onlinevouchersaver.com\\\/pl\\\/\"},{\"@type\":\"ListItem\",\"position\":2,\"name\":\"Oferty sezonowe\"}]},{\"@type\":\"WebSite\",\"@id\":\"https:\\\/\\\/onlinevouchersaver.com\\\/pl\\\/#website\",\"url\":\"https:\\\/\\\/onlinevouchersaver.com\\\/pl\\\/\",\"name\":\"Online Voucher Saver PL\",\"description\":\"\",\"potentialAction\":[{\"@type\":\"SearchAction\",\"target\":{\"@type\":\"EntryPoint\",\"urlTemplate\":\"https:\\\/\\\/onlinevouchersaver.com\\\/pl\\\/?s={search_term_string}\"},\"query-input\":{\"@type\":\"PropertyValueSpecification\",\"valueRequired\":true,\"valueName\":\"search_term_string\"}}],\"inLanguage\":\"en-US\"}]}<\/script>\n<!-- \/ Yoast SEO plugin. -->","yoast_head_json":{"title":"Oferty sezonowe i promocje | OnlineVoucherSaver-PL","description":"Odkryj najlepsze sezonowe oferty, wyprzeda\u017ce i oferty limitowane czasowo od najlepszych marek. Oszcz\u0119dzaj wi\u0119cej w ka\u017cdym sezonie z OnlineVoucherSaver-PL","robots":{"index":"index","follow":"follow","max-snippet":"max-snippet:-1","max-image-preview":"max-image-preview:large","max-video-preview":"max-video-preview:-1"},"canonical":"https:\/\/onlinevouchersaver.com\/pl\/seasonal-deals\/","og_locale":"en_US","og_type":"article","og_title":"Oferty sezonowe i promocje | OnlineVoucherSaver-PL","og_description":"Odkryj najlepsze sezonowe oferty, wyprzeda\u017ce i oferty limitowane czasowo od najlepszych marek. Oszcz\u0119dzaj wi\u0119cej w ka\u017cdym sezonie z OnlineVoucherSaver-PL","og_url":"https:\/\/onlinevouchersaver.com\/pl\/seasonal-deals\/","og_site_name":"Online Voucher Saver PL","article_modified_time":"2025-11-06T09:43:30+00:00","twitter_card":"summary_large_image","schema":{"@context":"https:\/\/schema.org","@graph":[{"@type":"WebPage","@id":"https:\/\/onlinevouchersaver.com\/pl\/seasonal-deals\/","url":"https:\/\/onlinevouchersaver.com\/pl\/seasonal-deals\/","name":"Oferty sezonowe i promocje | OnlineVoucherSaver-PL","isPartOf":{"@id":"https:\/\/onlinevouchersaver.com\/pl\/#website"},"datePublished":"2024-09-16T08:55:54+00:00","dateModified":"2025-11-06T09:43:30+00:00","description":"Odkryj najlepsze sezonowe oferty, wyprzeda\u017ce i oferty limitowane czasowo od najlepszych marek. Oszcz\u0119dzaj wi\u0119cej w ka\u017cdym sezonie z OnlineVoucherSaver-PL","breadcrumb":{"@id":"https:\/\/onlinevouchersaver.com\/pl\/seasonal-deals\/#breadcrumb"},"inLanguage":"en-US","potentialAction":[{"@type":"ReadAction","target":["https:\/\/onlinevouchersaver.com\/pl\/seasonal-deals\/"]}]},{"@type":"BreadcrumbList","@id":"https:\/\/onlinevouchersaver.com\/pl\/seasonal-deals\/#breadcrumb","itemListElement":[{"@type":"ListItem","position":1,"name":"Home","item":"https:\/\/onlinevouchersaver.com\/pl\/"},{"@type":"ListItem","position":2,"name":"Oferty sezonowe"}]},{"@type":"WebSite","@id":"https:\/\/onlinevouchersaver.com\/pl\/#website","url":"https:\/\/onlinevouchersaver.com\/pl\/","name":"Online Voucher Saver PL","description":"","potentialAction":[{"@type":"SearchAction","target":{"@type":"EntryPoint","urlTemplate":"https:\/\/onlinevouchersaver.com\/pl\/?s={search_term_string}"},"query-input":{"@type":"PropertyValueSpecification","valueRequired":true,"valueName":"search_term_string"}}],"inLanguage":"en-US"}]}},"_links":{"self":[{"href":"https:\/\/onlinevouchersaver.com\/pl\/wp-json\/wp\/v2\/pages\/135","targetHints":{"allow":["GET"]}}],"collection":[{"href":"https:\/\/onlinevouchersaver.com\/pl\/wp-json\/wp\/v2\/pages"}],"about":[{"href":"https:\/\/onlinevouchersaver.com\/pl\/wp-json\/wp\/v2\/types\/page"}],"author":[{"embeddable":true,"href":"https:\/\/onlinevouchersaver.com\/pl\/wp-json\/wp\/v2\/users\/1"}],"replies":[{"embeddable":true,"href":"https:\/\/onlinevouchersaver.com\/pl\/wp-json\/wp\/v2\/comments?post=135"}],"version-history":[{"count":1,"href":"https:\/\/onlinevouchersaver.com\/pl\/wp-json\/wp\/v2\/pages\/135\/revisions"}],"predecessor-version":[{"id":211,"href":"https:\/\/onlinevouchersaver.com\/pl\/wp-json\/wp\/v2\/pages\/135\/revisions\/211"}],"wp:attachment":[{"href":"https:\/\/onlinevouchersaver.com\/pl\/wp-json\/wp\/v2\/media?parent=135"}],"curies":[{"name":"wp","href":"https:\/\/api.w.org\/{rel}","templated":true}]}}