{"id":416,"date":"2025-10-31T13:35:51","date_gmt":"2025-10-31T13:35:51","guid":{"rendered":"https:\/\/onlinevouchersaver.com\/fr\/?page_id=416"},"modified":"2025-11-06T10:47:27","modified_gmt":"2025-11-06T10:47:27","slug":"about-us","status":"publish","type":"page","link":"https:\/\/onlinevouchersaver.com\/fr\/about-us\/","title":{"rendered":"\u00c0 propos de nous"},"content":{"rendered":"<h2>\u00c0 propos de nous<\/h2>\n<p>\u00c0 <em><a href=\"https:\/\/onlinevouchersaver.com\/fr\">Online Voucher Saver<\/a><\/em>, Nous nous engageons \u00e0 simplifier votre exp\u00e9rience d&#8217;achat en vous proposant des offres exceptionnelles sur vos produits pr\u00e9f\u00e9r\u00e9s. Conscients du casse-t\u00eate que repr\u00e9sente la comparaison de nombreuses promotions, nous avons cr\u00e9\u00e9 une plateforme unique o\u00f9 vous trouverez rapidement et facilement les meilleures r\u00e9ductions. Notre objectif\u00a0: vous permettre de faire des achats plus malins et d&#8217;\u00e9conomiser du temps et de l&#8217;argent \u00e0 chaque fois.<\/p>\n<h3>Notre mission<\/h3>\n<p>Rendre le shopping plus abordable et efficace en proposant aux consommateurs les r\u00e9ductions les plus pertinentes et attractives, le tout sur une seule plateforme. Nous nous engageons \u00e0 vous aider \u00e0 d\u00e9couvrir les meilleures offres sur tous les sujets, de la mode \u00e0 la technologie, en passant par les voyages et la d\u00e9coration, pour que vous en ayez plus pour votre argent.<\/p>\n<h3>Notre vision<\/h3>\n<p>R\u00e9volutionner l&#8217;exp\u00e9rience d&#8217;achat en cr\u00e9ant une plateforme o\u00f9 chaque client peut facilement trouver et profiter des meilleures offres. Nous ambitionnons de devenir la r\u00e9f\u00e9rence en mati\u00e8re de r\u00e9ductions en ligne, le premier r\u00e9flexe de ceux qui souhaitent faire des \u00e9conomies.<\/p>\n<h3>Nos valeurs<\/h3>\n<ul>\n<li>Simplicit\u00e9\u00a0: Nous pensons qu\u2019\u00e9conomiser doit \u00eatre facile. C\u2019est pourquoi nous simplifions le processus et rendons la recherche de r\u00e9ductions aussi simple que possible.<\/li>\n<li>Int\u00e9grit\u00e9\u00a0: Nous fournissons \u00e0 nos utilisateurs des informations exactes, transparentes et fiables sur chaque offre.<\/li>\n<li>Centr\u00e9 sur le client\u00a0: Votre satisfaction est au c\u0153ur de nos priorit\u00e9s. Nous sommes \u00e0 l\u2019\u00e9coute de vos besoins et nous nous effor\u00e7ons constamment d\u2019am\u00e9liorer nos services.<\/li>\n<li>Innovation\u00a0: Nous misons sur la technologie et l\u2019innovation pour optimiser votre exp\u00e9rience d\u2019achat et rester \u00e0 la pointe des bonnes affaires.<\/li>\n<li>Communaut\u00e9\u00a0: Nous avons \u00e0 c\u0153ur de cr\u00e9er une communaut\u00e9 d\u2019acheteurs avertis qui partagent, apprennent et \u00e9conomisent ensemble.<\/li>\n<\/ul>\n<h3>Pourquoi nous choisir ?<\/h3>\n<p>Nous croyons qu&#8217;il est simple d&#8217;\u00e9conomiser. Nos s\u00e9lections, soigneusement choisies par nos experts, vous proposent des offres et des r\u00e9ductions personnalis\u00e9es et en temps r\u00e9el, provenant des plus grandes marques. Notre \u00e9quipe est constamment \u00e0 l&#8217;aff\u00fbt de nouvelles opportunit\u00e9s pour vous permettre de profiter d&#8217;offres exclusives, de ventes flash et de promotions saisonni\u00e8res.<\/p>\n<ul>\n<li>Un vaste choix : Nous offrons des r\u00e9ductions sur une large gamme de cat\u00e9gories, de l&#8217;\u00e9lectronique aux produits essentiels du quotidien.<\/li>\n<li>Des offres authentiques et v\u00e9rifi\u00e9es : Chaque offre sur notre site est rigoureusement v\u00e9rifi\u00e9e, vous garantissant ainsi le meilleur rapport qualit\u00e9-prix.<\/li>\n<li>Une navigation simple : Notre site web est con\u00e7u pour votre confort \u2013 trouvez rapidement les meilleures offres en toute simplicit\u00e9.<\/li>\n<li>Des offres toujours \u00e0 jour : Nous mettons r\u00e9guli\u00e8rement \u00e0 jour nos offres pour que vous ne ratiez aucune occasion d&#8217;\u00e9conomiser.<\/li>\n<\/ul>\n","protected":false},"excerpt":{"rendered":"<p>\u00c0 propos de nous \u00c0 Online Voucher Saver, Nous nous engageons \u00e0 simplifier votre exp\u00e9rience d&#8217;achat en vous proposant des offres exceptionnelles sur vos produits pr\u00e9f\u00e9r\u00e9s. Conscients du casse-t\u00eate que repr\u00e9sente la comparaison de nombreuses promotions, nous avons cr\u00e9\u00e9 une plateforme unique o\u00f9 vous trouverez rapidement et facilement les meilleures r\u00e9ductions. Notre objectif\u00a0: vous permettre [&hellip;]<\/p>\n","protected":false},"author":2,"featured_media":0,"parent":0,"menu_order":0,"comment_status":"closed","ping_status":"closed","template":"pages\/about-us.php","meta":{"_acf_changed":false,"footnotes":""},"class_list":["post-416","page","type-page","status-publish","hentry"],"acf":[],"yoast_head":"<!-- This site is optimized with the Yoast SEO plugin v27.4 - https:\/\/yoast.com\/product\/yoast-seo-wordpress\/ -->\n<title>\u00c0 propos de nous | D\u00e9couvrez OnlineVoucherSaver-FR<\/title>\n<meta name=\"description\" content=\"D\u00e9couvrez l&#039;histoire d&#039;OnlineVoucherSaver. Apprenez comment nous aidons les consommateurs \u00e0 \u00e9conomiser gr\u00e2ce \u00e0 des coupons v\u00e9rifi\u00e9s et des offres exclusives.\" \/>\n<meta name=\"robots\" content=\"index, follow, max-snippet:-1, max-image-preview:large, max-video-preview:-1\" \/>\n<link rel=\"canonical\" href=\"https:\/\/onlinevouchersaver.com\/fr\/about-us\/\" \/>\n<meta property=\"og:locale\" content=\"en_US\" \/>\n<meta property=\"og:type\" content=\"article\" \/>\n<meta property=\"og:title\" content=\"\u00c0 propos de nous | D\u00e9couvrez OnlineVoucherSaver-FR\" \/>\n<meta property=\"og:description\" content=\"D\u00e9couvrez l&#039;histoire d&#039;OnlineVoucherSaver. Apprenez comment nous aidons les consommateurs \u00e0 \u00e9conomiser gr\u00e2ce \u00e0 des coupons v\u00e9rifi\u00e9s et des offres exclusives.\" \/>\n<meta property=\"og:url\" content=\"https:\/\/onlinevouchersaver.com\/fr\/about-us\/\" \/>\n<meta property=\"og:site_name\" content=\"Online Voucher Saver FR\" \/>\n<meta property=\"article:modified_time\" content=\"2025-11-06T10:47:27+00:00\" \/>\n<meta name=\"twitter:card\" content=\"summary_large_image\" \/>\n<meta name=\"twitter:label1\" content=\"Est. reading time\" \/>\n\t<meta name=\"twitter:data1\" content=\"2 minutes\" \/>\n<script type=\"application\/ld+json\" class=\"yoast-schema-graph\">{\"@context\":\"https:\\\/\\\/schema.org\",\"@graph\":[{\"@type\":\"WebPage\",\"@id\":\"https:\\\/\\\/onlinevouchersaver.com\\\/fr\\\/about-us\\\/\",\"url\":\"https:\\\/\\\/onlinevouchersaver.com\\\/fr\\\/about-us\\\/\",\"name\":\"\u00c0 propos de nous | D\u00e9couvrez OnlineVoucherSaver-FR\",\"isPartOf\":{\"@id\":\"https:\\\/\\\/onlinevouchersaver.com\\\/fr\\\/#website\"},\"datePublished\":\"2025-10-31T13:35:51+00:00\",\"dateModified\":\"2025-11-06T10:47:27+00:00\",\"description\":\"D\u00e9couvrez l'histoire d'OnlineVoucherSaver. Apprenez comment nous aidons les consommateurs \u00e0 \u00e9conomiser gr\u00e2ce \u00e0 des coupons v\u00e9rifi\u00e9s et des offres exclusives.\",\"breadcrumb\":{\"@id\":\"https:\\\/\\\/onlinevouchersaver.com\\\/fr\\\/about-us\\\/#breadcrumb\"},\"inLanguage\":\"en-US\",\"potentialAction\":[{\"@type\":\"ReadAction\",\"target\":[\"https:\\\/\\\/onlinevouchersaver.com\\\/fr\\\/about-us\\\/\"]}]},{\"@type\":\"BreadcrumbList\",\"@id\":\"https:\\\/\\\/onlinevouchersaver.com\\\/fr\\\/about-us\\\/#breadcrumb\",\"itemListElement\":[{\"@type\":\"ListItem\",\"position\":1,\"name\":\"Home\",\"item\":\"https:\\\/\\\/onlinevouchersaver.com\\\/fr\\\/\"},{\"@type\":\"ListItem\",\"position\":2,\"name\":\"\u00c0 propos de nous\"}]},{\"@type\":\"WebSite\",\"@id\":\"https:\\\/\\\/onlinevouchersaver.com\\\/fr\\\/#website\",\"url\":\"https:\\\/\\\/onlinevouchersaver.com\\\/fr\\\/\",\"name\":\"Online Voucher Saver FR\",\"description\":\"\",\"potentialAction\":[{\"@type\":\"SearchAction\",\"target\":{\"@type\":\"EntryPoint\",\"urlTemplate\":\"https:\\\/\\\/onlinevouchersaver.com\\\/fr\\\/?s={search_term_string}\"},\"query-input\":{\"@type\":\"PropertyValueSpecification\",\"valueRequired\":true,\"valueName\":\"search_term_string\"}}],\"inLanguage\":\"en-US\"}]}<\/script>\n<!-- \/ Yoast SEO plugin. -->","yoast_head_json":{"title":"\u00c0 propos de nous | D\u00e9couvrez OnlineVoucherSaver-FR","description":"D\u00e9couvrez l'histoire d'OnlineVoucherSaver. Apprenez comment nous aidons les consommateurs \u00e0 \u00e9conomiser gr\u00e2ce \u00e0 des coupons v\u00e9rifi\u00e9s et des offres exclusives.","robots":{"index":"index","follow":"follow","max-snippet":"max-snippet:-1","max-image-preview":"max-image-preview:large","max-video-preview":"max-video-preview:-1"},"canonical":"https:\/\/onlinevouchersaver.com\/fr\/about-us\/","og_locale":"en_US","og_type":"article","og_title":"\u00c0 propos de nous | D\u00e9couvrez OnlineVoucherSaver-FR","og_description":"D\u00e9couvrez l'histoire d'OnlineVoucherSaver. Apprenez comment nous aidons les consommateurs \u00e0 \u00e9conomiser gr\u00e2ce \u00e0 des coupons v\u00e9rifi\u00e9s et des offres exclusives.","og_url":"https:\/\/onlinevouchersaver.com\/fr\/about-us\/","og_site_name":"Online Voucher Saver FR","article_modified_time":"2025-11-06T10:47:27+00:00","twitter_card":"summary_large_image","twitter_misc":{"Est. reading time":"2 minutes"},"schema":{"@context":"https:\/\/schema.org","@graph":[{"@type":"WebPage","@id":"https:\/\/onlinevouchersaver.com\/fr\/about-us\/","url":"https:\/\/onlinevouchersaver.com\/fr\/about-us\/","name":"\u00c0 propos de nous | D\u00e9couvrez OnlineVoucherSaver-FR","isPartOf":{"@id":"https:\/\/onlinevouchersaver.com\/fr\/#website"},"datePublished":"2025-10-31T13:35:51+00:00","dateModified":"2025-11-06T10:47:27+00:00","description":"D\u00e9couvrez l'histoire d'OnlineVoucherSaver. Apprenez comment nous aidons les consommateurs \u00e0 \u00e9conomiser gr\u00e2ce \u00e0 des coupons v\u00e9rifi\u00e9s et des offres exclusives.","breadcrumb":{"@id":"https:\/\/onlinevouchersaver.com\/fr\/about-us\/#breadcrumb"},"inLanguage":"en-US","potentialAction":[{"@type":"ReadAction","target":["https:\/\/onlinevouchersaver.com\/fr\/about-us\/"]}]},{"@type":"BreadcrumbList","@id":"https:\/\/onlinevouchersaver.com\/fr\/about-us\/#breadcrumb","itemListElement":[{"@type":"ListItem","position":1,"name":"Home","item":"https:\/\/onlinevouchersaver.com\/fr\/"},{"@type":"ListItem","position":2,"name":"\u00c0 propos de nous"}]},{"@type":"WebSite","@id":"https:\/\/onlinevouchersaver.com\/fr\/#website","url":"https:\/\/onlinevouchersaver.com\/fr\/","name":"Online Voucher Saver FR","description":"","potentialAction":[{"@type":"SearchAction","target":{"@type":"EntryPoint","urlTemplate":"https:\/\/onlinevouchersaver.com\/fr\/?s={search_term_string}"},"query-input":{"@type":"PropertyValueSpecification","valueRequired":true,"valueName":"search_term_string"}}],"inLanguage":"en-US"}]}},"_links":{"self":[{"href":"https:\/\/onlinevouchersaver.com\/fr\/wp-json\/wp\/v2\/pages\/416","targetHints":{"allow":["GET"]}}],"collection":[{"href":"https:\/\/onlinevouchersaver.com\/fr\/wp-json\/wp\/v2\/pages"}],"about":[{"href":"https:\/\/onlinevouchersaver.com\/fr\/wp-json\/wp\/v2\/types\/page"}],"author":[{"embeddable":true,"href":"https:\/\/onlinevouchersaver.com\/fr\/wp-json\/wp\/v2\/users\/2"}],"replies":[{"embeddable":true,"href":"https:\/\/onlinevouchersaver.com\/fr\/wp-json\/wp\/v2\/comments?post=416"}],"version-history":[{"count":4,"href":"https:\/\/onlinevouchersaver.com\/fr\/wp-json\/wp\/v2\/pages\/416\/revisions"}],"predecessor-version":[{"id":445,"href":"https:\/\/onlinevouchersaver.com\/fr\/wp-json\/wp\/v2\/pages\/416\/revisions\/445"}],"wp:attachment":[{"href":"https:\/\/onlinevouchersaver.com\/fr\/wp-json\/wp\/v2\/media?parent=416"}],"curies":[{"name":"wp","href":"https:\/\/api.w.org\/{rel}","templated":true}]}}